{"id":158,"date":"2021-06-14T01:16:07","date_gmt":"2021-06-13T23:16:07","guid":{"rendered":"https:\/\/toppizza66.fr\/?page_id=158"},"modified":"2025-08-31T10:41:12","modified_gmt":"2025-08-31T08:41:12","slug":"carte-des-pizzas","status":"publish","type":"page","link":"https:\/\/toppizza66.fr\/index.php\/carte-des-pizzas\/","title":{"rendered":"Carte des pizzas"},"content":{"rendered":"\n<p class=\"has-text-align-center\"><strong><span class=\"has-inline-color has-vivid-red-color\">Mode de paiement : <\/span><\/strong><\/p>\n\n\n\n<p class=\"has-text-align-center\"> <img loading=\"lazy\" width=\"281\" height=\"180\" class=\"wp-image-324\" style=\"width: 150px;\" src=\"https:\/\/toppizza66.fr\/wp-content\/uploads\/2022\/06\/LOGO-LIQUIDE.png\" alt=\"\"><\/p>\n\n\n\n<p class=\"has-text-align-center\">  <img loading=\"lazy\" width=\"700\" height=\"777\" class=\"wp-image-323\" style=\"width: 150px;\" src=\"https:\/\/toppizza66.fr\/wp-content\/uploads\/2022\/06\/LOGO-CB.jpg\" alt=\"\" srcset=\"https:\/\/toppizza66.fr\/wp-content\/uploads\/2022\/06\/LOGO-CB.jpg 700w, https:\/\/toppizza66.fr\/wp-content\/uploads\/2022\/06\/LOGO-CB-270x300.jpg 270w\" sizes=\"(max-width: 700px) 100vw, 700px\" \/><\/p>\n\n\n\n<div class=\"wp-block-columns\">\n<div class=\"wp-block-column\" style=\"flex-basis:100%\">\n<h1 class=\"has-text-align-center\"><strong><span class=\"has-inline-color has-vivid-red-color\">BASE TOMATE<\/span> <\/strong><\/h1>\n<\/div>\n<\/div>\n\n\n\n<h2 class=\"has-text-align-center\" style=\"line-height:1\"><strong><span class=\"has-inline-color has-black-color\">MARGHERITA<\/span><\/strong><\/h2>\n\n\n\n<h4 class=\"has-text-align-center\" style=\"line-height:1\"> <strong>Tomate, fromage <\/strong><\/h4>\n\n\n\n<h4 class=\"has-text-align-center\" style=\"line-height:1\"> <span class=\"has-inline-color has-luminous-vivid-orange-color\"><strong>Petite : 8,50 &#8211; Grande : <\/strong><\/span>10,00<\/h4>\n\n\n\n<h2 class=\"has-text-align-center\"><strong><span class=\"has-inline-color has-black-color\">JAMBON <\/span><\/strong> <\/h2>\n\n\n\n<h4 class=\"has-text-align-center\">Tomate, jambon, fromage <\/h4>\n\n\n\n<h4 class=\"has-text-align-center\"> <strong><span class=\"has-inline-color has-luminous-vivid-orange-color\">Petite : 9,50\u20ac &#8211; Grande : 11,00\u20ac<\/span><\/strong><\/h4>\n\n\n\n<h2 class=\"has-text-align-center\"><strong><span class=\"has-inline-color has-black-color\">BLANC DE VOLAILLE <\/span> <\/strong><\/h2>\n\n\n\n<h4 class=\"has-text-align-center\">Tomate, blanc de volaille <\/h4>\n\n\n\n<h4 class=\"has-text-align-center\"> <strong><span class=\"has-inline-color has-luminous-vivid-orange-color\">Petite : 10,50 &#8211; Grande : 12,00\u20ac<\/span><\/strong><\/h4>\n\n\n\n<h2 class=\"has-text-align-center\"><strong><span class=\"has-inline-color has-black-color\">CHAMPIGNONS<\/span> <\/strong><\/h2>\n\n\n\n<h4 class=\"has-text-align-center\"><strong> <\/strong>Tomate, champignons, persillade <\/h4>\n\n\n\n<h4 class=\"has-text-align-center\"> <strong><span class=\"has-inline-color has-luminous-vivid-orange-color\">Petite : 9,00\u20ac &#8211; Grande : 11,00\u20ac<\/span><\/strong><\/h4>\n\n\n\n<h2 class=\"has-text-align-center\"><strong><span class=\"has-inline-color has-black-color\">ROYALE<\/span> <\/strong><\/h2>\n\n\n\n<h4 class=\"has-text-align-center\"> Tomate, champignons, jambon, fromage <\/h4>\n\n\n\n<h4 class=\"has-text-align-center\"> <strong><span class=\"has-inline-color has-luminous-vivid-orange-color\">Petite : 10,00\u20ac &#8211; Grande : 12,00\u20ac<\/span><\/strong><\/h4>\n\n\n\n<h2 class=\"has-text-align-center\"><strong><span class=\"has-inline-color has-black-color\">ANCHOIS<\/span> <\/strong><\/h2>\n\n\n\n<h4 class=\"has-text-align-center\"> Tomate, anchois, fromage (suppl\u00e9ment c\u00e2pre : 0,50\u20ac) <\/h4>\n\n\n\n<h4 class=\"has-text-align-center\"><strong><span class=\"has-inline-color has-luminous-vivid-orange-color\">Petite : 10,00\u20ac &#8211; Grande : 12,00\u20ac<\/span><\/strong><\/h4>\n\n\n\n<h2 class=\"has-text-align-center\"><strong><span class=\"has-inline-color has-black-color\">CHORIZO OIGNONS<\/span><\/strong><\/h2>\n\n\n\n<h4 class=\"has-text-align-center\"> Tomate, oignons, chorizo, fromage <\/h4>\n\n\n\n<h4 class=\"has-text-align-center\"><strong><span class=\"has-inline-color has-luminous-vivid-orange-color\">Petite : 11,00\u20ac &#8211; Grande : 12,50\u20ac<\/span><\/strong><\/h4>\n\n\n\n<h2 class=\"has-text-align-center\"><strong><span class=\"has-inline-color has-black-color\">CHORIZO CHEVRE <\/span><\/strong><\/h2>\n\n\n\n<h4 class=\"has-text-align-center\"> Tomate, champignons, chorizo doux, ch\u00e8vre, fromage <\/h4>\n\n\n\n<h4 class=\"has-text-align-center\"> <strong><span class=\"has-inline-color has-luminous-vivid-orange-color\">Petite : 11,00\u20ac &#8211; Grande : 12,50\u20ac<\/span><\/strong><\/h4>\n\n\n\n<h2 class=\"has-text-align-center\"><strong><span class=\"has-inline-color has-black-color\">THON<\/span> <\/strong><\/h2>\n\n\n\n<h4 class=\"has-text-align-center\"> Tomate, oignons, thon, fromage <\/h4>\n\n\n\n<h4 class=\"has-text-align-center\"> <strong><span class=\"has-inline-color has-luminous-vivid-orange-color\">Petite : 10,00 &#8211; Grande : 12,00\u20ac<\/span><\/strong><\/h4>\n\n\n\n<h2 class=\"has-text-align-center\"><strong><span class=\"has-inline-color has-black-color\">MERGUEZ<\/span> <\/strong><\/h2>\n\n\n\n<h4 class=\"has-text-align-center\"> Tomate, oignon, merguez, poivrons, fromage <\/h4>\n\n\n\n<h4 class=\"has-text-align-center\"><strong><span class=\"has-inline-color has-luminous-vivid-orange-color\">Petite : 10,50\u20ac &#8211; Grande : 12,50\u20ac<\/span><\/strong><\/h4>\n\n\n\n<h2 class=\"has-text-align-center\"><strong><span class=\"has-inline-color has-black-color\">FRUITS DE MER<\/span><\/strong><\/h2>\n\n\n\n<h4 class=\"has-text-align-center\"> Tomate, cocktail de fruits de mer, persillade, fromage <\/h4>\n\n\n\n<h4 class=\"has-text-align-center\"> <strong><span class=\"has-inline-color has-luminous-vivid-orange-color\">Petite : 11,00 &#8211; Grande : 12,50\u20ac<\/span><\/strong><\/h4>\n\n\n\n<h2 class=\"has-text-align-center\"><strong><span class=\"has-inline-color has-black-color\">SICILIENNE<\/span><\/strong><\/h2>\n\n\n\n<h4 class=\"has-text-align-center\"><strong> <\/strong>Tomate, champignons, oignons, jambon, anchois, fromage <\/h4>\n\n\n\n<h4 class=\"has-text-align-center\"> <strong><span class=\"has-inline-color has-luminous-vivid-orange-color\">Petite : 11,00\u20ac &#8211; Grande : 12,50\u20ac<\/span><\/strong><\/h4>\n\n\n\n<h2 class=\"has-text-align-center\"><strong><span class=\"has-inline-color has-black-color\">4 SAISONS <\/span><\/strong><\/h2>\n\n\n\n<h4 class=\"has-text-align-center\"> Tomate, champignons, oignons, artichauts, poivrons, fromage <\/h4>\n\n\n\n<h4 class=\"has-text-align-center\"> <strong><span class=\"has-inline-color has-luminous-vivid-orange-color\">Petite : 11,00\u20ac &#8211; Grande : 12,50\u20ac <\/span><\/strong><\/h4>\n\n\n\n<h2 class=\"has-text-align-center\"><strong><span class=\"has-inline-color has-black-color\">BOLOGNAISE <\/span><\/strong><\/h2>\n\n\n\n<h4 class=\"has-text-align-center\"> Sauce bolognaise, boeuf hach\u00e9, fromage  <\/h4>\n\n\n\n<h4 class=\"has-text-align-center\"><strong><span class=\"has-inline-color has-luminous-vivid-orange-color\">Petite : 11,00\u20ac &#8211; Grande : 12,50\u20ac<\/span><\/strong><\/h4>\n\n\n\n<h2 class=\"has-text-align-center\"><strong><span class=\"has-inline-color has-black-color\">4 FROMAGES <\/span><\/strong><\/h2>\n\n\n\n<h4 class=\"has-text-align-center\">Cr\u00e8me, mozzarella, roquefort, ch\u00e8vre, emmental <\/h4>\n\n\n\n<h4 class=\"has-text-align-center\"> <strong><span class=\"has-inline-color has-luminous-vivid-orange-color\">Petite : 10,00\u20ac &#8211; Grande : 12,00\u20ac<\/span><\/strong><\/h4>\n\n\n\n<h2 class=\"has-text-align-center\"><strong><span class=\"has-inline-color has-black-color\">CANIBAL<\/span><\/strong><\/h2>\n\n\n\n<h4 class=\"has-text-align-center\"><strong> <\/strong>Tomate, viande hach\u00e9e, pepperoni, merguez, chorizo <\/h4>\n\n\n\n<h4 class=\"has-text-align-center\"> <strong><span class=\"has-inline-color has-luminous-vivid-orange-color\">Petite : 11,50\u20ac &#8211; Grande : 13,00\u20ac<\/span><\/strong><\/h4>\n\n\n\n<h2 class=\"has-text-align-center\"><strong><span class=\"has-inline-color has-black-color\">PAYSANNE <\/span><\/strong><\/h2>\n\n\n\n<h4 class=\"has-text-align-center\"> Tomate, champignons, persillade, lardons, fromage <\/h4>\n\n\n\n<h4 class=\"has-text-align-center\"> <strong><span class=\"has-inline-color has-luminous-vivid-orange-color\">Petite : 11,50 &#8211; Grande : 12,00\u20ac<\/span><\/strong><\/h4>\n\n\n\n<h2 class=\"has-text-align-center\"><strong><span class=\"has-inline-color has-black-color\">SEBASTIANE <\/span><\/strong><\/h2>\n\n\n\n<h4 class=\"has-text-align-center\"> Tomate, oignons, chorizo, merguez, poivrons, fromage <\/h4>\n\n\n\n<h4 class=\"has-text-align-center\"> <strong><span class=\"has-inline-color has-luminous-vivid-orange-color\">Petite : 11,50 &#8211; Grande : <\/span><\/strong>13,00<\/h4>\n\n\n\n<h4 class=\"has-text-align-center\"><\/h4>\n\n\n\n<h1 class=\"has-text-align-center\"><strong><span class=\"has-inline-color has-vivid-red-color\">BASE CREME <\/span><\/strong><\/h1>\n\n\n\n<h2 class=\"has-text-align-center\"><strong><span class=\"has-inline-color has-black-color\">ROQUEFORT <\/span><\/strong><\/h2>\n\n\n\n<h4 class=\"has-text-align-center\"> Cr\u00e8me fra\u00eeche, roquefort, fromage <\/h4>\n\n\n\n<h4 class=\"has-text-align-center\"> <strong><span class=\"has-inline-color has-luminous-vivid-orange-color\">Petite :10,00\u20ac &#8211; Grande : 12,00\u20ac<\/span><\/strong><\/h4>\n\n\n\n<h2 class=\"has-text-align-center\"><strong><span class=\"has-inline-color has-black-color\">CEVENOLE<\/span> <\/strong><\/h2>\n\n\n\n<h4 class=\"has-text-align-center\"> Cr\u00e8me fra\u00eeche, champignons, ch\u00e8vre, emmental <\/h4>\n\n\n\n<h4 class=\"has-text-align-center\"> <strong><span class=\"has-inline-color has-luminous-vivid-orange-color\">Petite : 10,00\u20ac &#8211; Grande : 12,00\u20ac <\/span><\/strong><\/h4>\n\n\n\n<h2 class=\"has-text-align-center\"><strong><span class=\"has-inline-color has-black-color\">CAMPAGNARDE<\/span><\/strong><\/h2>\n\n\n\n<h4 class=\"has-text-align-center\"> Cr\u00e8me fra\u00eeche, champignons, lardons, fromage <\/h4>\n\n\n\n<h4 class=\"has-text-align-center\"> <strong><span class=\"has-inline-color has-luminous-vivid-orange-color\">Petite : 10,00\u20ac &#8211; Grande : 12,00\u20ac<\/span><\/strong><\/h4>\n\n\n\n<h2 class=\"has-text-align-center\"><strong><span class=\"has-inline-color has-black-color\">LOMBARDE<\/span><\/strong><\/h2>\n\n\n\n<h4 class=\"has-text-align-center\">Cr\u00e8me fra\u00eeche, asperges, jambon, roquefort, fromage <\/h4>\n\n\n\n<h4 class=\"has-text-align-center\"><strong><span class=\"has-inline-color has-luminous-vivid-orange-color\">Petite : 10,00\u20ac &#8211; Grande : 13,00\u20ac<\/span><\/strong><\/h4>\n\n\n\n<h2 class=\"has-text-align-center\"><strong><span class=\"has-inline-color has-black-color\">HAWAIENNE<\/span> <\/strong><\/h2>\n\n\n\n<h4 class=\"has-text-align-center\"><strong> <\/strong>Cr\u00e8me fra\u00eeche, jambon blanc, ananas, fromage <\/h4>\n\n\n\n<h4 class=\"has-text-align-center\"> <strong><span class=\"has-inline-color has-luminous-vivid-orange-color\">Petite : 10,00\u20ac &#8211; Grande : 12,00\u20ac<\/span><\/strong><\/h4>\n\n\n\n<h2 class=\"has-text-align-center\"><strong><span class=\"has-inline-color has-black-color\">INDIENNE<\/span><\/strong><\/h2>\n\n\n\n<h4 class=\"has-text-align-center\"><strong> <\/strong>Cr\u00e8me fra\u00eeche, blanc de volaille, curry, oignons (avec ou sans ananas) <\/h4>\n\n\n\n<h4 class=\"has-text-align-center\"> <strong><span class=\"has-inline-color has-luminous-vivid-orange-color\">Petite : 10,00\u20ac &#8211; Grande : 12,00\u20ac<\/span><\/strong><\/h4>\n\n\n\n<h2 class=\"has-text-align-center\"><strong><span class=\"has-inline-color has-black-color\">KEBAB <\/span><\/strong><\/h2>\n\n\n\n<h4 class=\"has-text-align-center\"><strong> <\/strong>Cr\u00e8me fra\u00eeche, oignons, viande halal, tomates fra\u00eeches, 4 \u00e9pices, sauce blanche, fromage <\/h4>\n\n\n\n<h4 class=\"has-text-align-center\"> <strong><span class=\"has-inline-color has-luminous-vivid-orange-color\">Petite : 10,50\u20ac &#8211; Grande : 12,00\u20ac<\/span><\/strong><\/h4>\n\n\n\n<h2 class=\"has-text-align-center\"><strong><span class=\"has-inline-color has-black-color\">ALHAMBRA<\/span><\/strong><\/h2>\n\n\n\n<h4 class=\"has-text-align-center\">Cr\u00e8me fra\u00eeche, viande kebab, poivrons, emmental <\/h4>\n\n\n\n<h4 class=\"has-text-align-center\"><strong><span class=\"has-inline-color has-luminous-vivid-orange-color\">Petite : 10,00 &#8211; Grande : 12,00\u20ac<\/span><\/strong><\/h4>\n\n\n\n<h2 class=\"has-text-align-center\"><strong><span class=\"has-inline-color has-black-color\">CHEVRE MIEL <\/span><\/strong><\/h2>\n\n\n\n<h4 class=\"has-text-align-center\"> Cr\u00e8me fra\u00eeche, ch\u00e8vre, miel, fromage <\/h4>\n\n\n\n<h4 class=\"has-text-align-center\"> <strong><span class=\"has-inline-color has-luminous-vivid-orange-color\">Petite : 10,00\u20ac &#8211; Grande : 12,00\u20ac<\/span><\/strong><\/h4>\n\n\n\n<h2 class=\"has-text-align-center\"><strong><span class=\"has-inline-color has-black-color\">SAVOYARDE<\/span><\/strong><\/h2>\n\n\n\n<h4 class=\"has-text-align-center\"><strong> <\/strong>Cr\u00e8me fra\u00eeche, pomme de terre, oignons, reblochon, lardons, emmental <\/h4>\n\n\n\n<h4 class=\"has-text-align-center\"> <strong><span class=\"has-inline-color has-luminous-vivid-orange-color\">Petite : 11,00\u20ac &#8211; Grande : 13,00\u20ac<\/span><\/strong><\/h4>\n\n\n\n<h4 class=\"has-text-align-center\"><\/h4>\n\n\n\n<h1 class=\"has-text-align-center\"><strong><span class=\"has-inline-color has-vivid-red-color\">LES SPECIALES <\/span><\/strong><\/h1>\n\n\n\n<h2 class=\"has-text-align-center\"><strong><span class=\"has-inline-color has-black-color\">SAUMON<\/span><\/strong><\/h2>\n\n\n\n<h4 class=\"has-text-align-center\">Cr\u00e8me fra\u00eeche, pointe de coulis de tomate, saumon fum\u00e9, fromage<\/h4>\n\n\n\n<h4 class=\"has-text-align-center\"> <strong><span class=\"has-inline-color has-luminous-vivid-orange-color\">Petite : 10,50\u20ac &#8211; Grande : 12,00\u20ac<\/span><\/strong><\/h4>\n\n\n\n<h2 class=\"has-text-align-center\"><strong><span class=\"has-inline-color has-black-color\">TEXANE<\/span> <\/strong><\/h2>\n\n\n\n<h4 class=\"has-text-align-center\">Cr\u00e8me fra\u00eeche, sauce barbecue, boeuf hach\u00e9, oignons, \u00e9pices mexicaines, fromage <\/h4>\n\n\n\n<h4 class=\"has-text-align-center\"> <strong><span class=\"has-inline-color has-luminous-vivid-orange-color\">Petite :  11,50\u20ac &#8211; Grande : 13,00\u20ac<\/span><\/strong><\/h4>\n\n\n\n<h2 class=\"has-text-align-center\"><strong><span class=\"has-inline-color has-black-color\">PROVENCALE<\/span><\/strong><\/h2>\n\n\n\n<h4 class=\"has-text-align-center\">Cr\u00e8me fra\u00eeche, moutarde, blanc de volaille, tomate, herbes de provence, fromage <\/h4>\n\n\n\n<h4 class=\"has-text-align-center\"> <strong><span class=\"has-inline-color has-luminous-vivid-orange-color\">Petite : 11,00\u20ac &#8211; Grande : 12,00\u20ac<\/span><\/strong><\/h4>\n\n\n\n<h2 class=\"has-text-align-center\"><strong><span class=\"has-inline-color has-black-color\">PECHEUR<\/span><\/strong><\/h2>\n\n\n\n<h4 class=\"has-text-align-center\">Cr\u00e8me fra\u00eeche, pointe de coulis de tomate, fruits de mer, saumon au naturel, persillade <\/h4>\n\n\n\n<h4 class=\"has-text-align-center\"> <strong><span class=\"has-inline-color has-luminous-vivid-orange-color\">Petite : 10,50 &#8211; Grande : 12,00\u20ac<\/span><\/strong><\/h4>\n\n\n\n<h2 class=\"has-text-align-center\"><strong><span class=\"has-inline-color has-black-color\">AMERICAINE<\/span><\/strong><\/h2>\n\n\n\n<h4 class=\"has-text-align-center\">Cr\u00e8me fra\u00eeche, ketchup, oignons, boeuf hach\u00e9, pepperoni, fromage, \u00e9pices texmex <\/h4>\n\n\n\n<h4 class=\"has-text-align-center\"><strong><span class=\"has-inline-color has-luminous-vivid-orange-color\">Petite : 11,00\u20ac &#8211; Grande : 13,00\u20ac<\/span><\/strong><\/h4>\n\n\n\n<h2 class=\"has-text-align-center\">                                                               <strong><span class=\"has-inline-color has-black-color\">CARBONARA<\/span><\/strong><\/h2>\n\n\n\n<p class=\"has-text-align-center\">                                          <strong><span class=\"has-inline-color has-black-color\">Cr\u00e8me fra\u00eeche, tagliatelles, oeuf, fromage, lardons<\/span><\/strong><\/p>\n\n\n\n<p class=\"has-text-align-center\">                                                                <strong><span class=\"has-inline-color has-luminous-vivid-orange-color\">Petite : 11,00\u20ac &#8211; Grande : 13,00<\/span><\/strong><\/p>\n\n\n\n<h2 class=\"has-text-align-center\">                                                           <strong><span class=\"has-inline-color has-black-color\">SAINT-JACQUES<\/span><\/strong><\/h2>\n\n\n\n<p class=\"has-text-align-center\">                        <strong>Cr\u00e8me fra\u00eeche, noix de Saint-Jacques, fromage, jus de citron, persillade<\/strong><\/p>\n\n\n\n<p class=\"has-text-align-center\">                                                              <strong><span class=\"has-inline-color has-luminous-vivid-orange-color\">Petite : 11,00\u20ac &#8211; Grande : 13,00\u20ac<\/span><\/strong><\/p>\n\n\n\n<p>                                                                               <\/p>\n\n\n\n<p>             <\/p>\n","protected":false},"excerpt":{"rendered":"<p>Mode de paiement : BASE TOMATE MARGHERITA Tomate, fromage Petite : 8,50 &#8211; Grande : 10,00 JAMBON Tomate, jambon, fromage Petite : 9,50\u20ac &#8211; Grande : 11,00\u20ac BLANC DE VOLAILLE Tomate, blanc de volaille Petite : 10,50 &#8211; Grande : 12,00\u20ac CHAMPIGNONS Tomate, champignons, persillade Petite : 9,00\u20ac &#8211; Grande : 11,00\u20ac ROYALE Tomate, champignons, &hellip; <\/p>\n<p class=\"link-more\"><a href=\"https:\/\/toppizza66.fr\/index.php\/carte-des-pizzas\/\" class=\"more-link\">Continuer la lecture<span class=\"screen-reader-text\"> de &laquo;&nbsp;Carte des pizzas&nbsp;&raquo;<\/span><\/a><\/p>\n","protected":false},"author":1,"featured_media":0,"parent":0,"menu_order":0,"comment_status":"closed","ping_status":"closed","template":"elementor_header_footer","meta":[],"yoast_head":"<!-- This site is optimized with the Yoast SEO plugin v16.4 - https:\/\/yoast.com\/wordpress\/plugins\/seo\/ -->\n<title>Carte des pizzas<\/title>\n<meta name=\"robots\" content=\"index, follow, max-snippet:-1, max-image-preview:large, max-video-preview:-1\" \/>\n<link rel=\"canonical\" href=\"https:\/\/toppizza66.fr\/index.php\/carte-des-pizzas\/\" \/>\n<meta property=\"og:locale\" content=\"fr_FR\" \/>\n<meta property=\"og:type\" content=\"article\" \/>\n<meta property=\"og:title\" content=\"Carte des pizzas\" \/>\n<meta property=\"og:description\" content=\"Mode de paiement : BASE TOMATE MARGHERITA Tomate, fromage Petite : 8,50 &#8211; Grande : 10,00 JAMBON Tomate, jambon, fromage Petite : 9,50\u20ac &#8211; Grande : 11,00\u20ac BLANC DE VOLAILLE Tomate, blanc de volaille Petite : 10,50 &#8211; Grande : 12,00\u20ac CHAMPIGNONS Tomate, champignons, persillade Petite : 9,00\u20ac &#8211; Grande : 11,00\u20ac ROYALE Tomate, champignons, &hellip; Continuer la lecture de &laquo;&nbsp;Carte des pizzas&nbsp;&raquo;\" \/>\n<meta property=\"og:url\" content=\"https:\/\/toppizza66.fr\/index.php\/carte-des-pizzas\/\" \/>\n<meta property=\"article:modified_time\" content=\"2025-08-31T08:41:12+00:00\" \/>\n<meta property=\"og:image\" content=\"https:\/\/toppizza66.fr\/wp-content\/uploads\/2022\/06\/LOGO-LIQUIDE.png\" \/>\n<meta name=\"twitter:card\" content=\"summary_large_image\" \/>\n<meta name=\"twitter:label1\" content=\"Dur\u00e9e de lecture est.\" \/>\n\t<meta name=\"twitter:data1\" content=\"3 minutes\" \/>\n<script type=\"application\/ld+json\" class=\"yoast-schema-graph\">{\"@context\":\"https:\/\/schema.org\",\"@graph\":[{\"@type\":\"Organization\",\"@id\":\"https:\/\/toppizza66.fr\/#organization\",\"name\":\"Top Pizza\",\"url\":\"https:\/\/toppizza66.fr\/\",\"sameAs\":[],\"logo\":{\"@type\":\"ImageObject\",\"@id\":\"https:\/\/toppizza66.fr\/#logo\",\"inLanguage\":\"fr-FR\",\"url\":\"https:\/\/toppizza66.fr\/wp-content\/uploads\/2021\/06\/cropped-cropped-LOGO-PIZZA-TOP-A-RETOUCHER-e1623021916127-1.png\",\"contentUrl\":\"https:\/\/toppizza66.fr\/wp-content\/uploads\/2021\/06\/cropped-cropped-LOGO-PIZZA-TOP-A-RETOUCHER-e1623021916127-1.png\",\"width\":128,\"height\":124,\"caption\":\"Top Pizza\"},\"image\":{\"@id\":\"https:\/\/toppizza66.fr\/#logo\"}},{\"@type\":\"WebSite\",\"@id\":\"https:\/\/toppizza66.fr\/#website\",\"url\":\"https:\/\/toppizza66.fr\/\",\"name\":\"\",\"description\":\"\",\"publisher\":{\"@id\":\"https:\/\/toppizza66.fr\/#organization\"},\"potentialAction\":[{\"@type\":\"SearchAction\",\"target\":\"https:\/\/toppizza66.fr\/?s={search_term_string}\",\"query-input\":\"required name=search_term_string\"}],\"inLanguage\":\"fr-FR\"},{\"@type\":\"ImageObject\",\"@id\":\"https:\/\/toppizza66.fr\/index.php\/carte-des-pizzas\/#primaryimage\",\"inLanguage\":\"fr-FR\",\"url\":\"https:\/\/toppizza66.fr\/wp-content\/uploads\/2022\/06\/LOGO-LIQUIDE.png\",\"contentUrl\":\"https:\/\/toppizza66.fr\/wp-content\/uploads\/2022\/06\/LOGO-LIQUIDE.png\",\"width\":281,\"height\":180},{\"@type\":\"WebPage\",\"@id\":\"https:\/\/toppizza66.fr\/index.php\/carte-des-pizzas\/#webpage\",\"url\":\"https:\/\/toppizza66.fr\/index.php\/carte-des-pizzas\/\",\"name\":\"Carte des pizzas\",\"isPartOf\":{\"@id\":\"https:\/\/toppizza66.fr\/#website\"},\"primaryImageOfPage\":{\"@id\":\"https:\/\/toppizza66.fr\/index.php\/carte-des-pizzas\/#primaryimage\"},\"datePublished\":\"2021-06-13T23:16:07+00:00\",\"dateModified\":\"2025-08-31T08:41:12+00:00\",\"breadcrumb\":{\"@id\":\"https:\/\/toppizza66.fr\/index.php\/carte-des-pizzas\/#breadcrumb\"},\"inLanguage\":\"fr-FR\",\"potentialAction\":[{\"@type\":\"ReadAction\",\"target\":[\"https:\/\/toppizza66.fr\/index.php\/carte-des-pizzas\/\"]}]},{\"@type\":\"BreadcrumbList\",\"@id\":\"https:\/\/toppizza66.fr\/index.php\/carte-des-pizzas\/#breadcrumb\",\"itemListElement\":[{\"@type\":\"ListItem\",\"position\":1,\"item\":{\"@type\":\"WebPage\",\"@id\":\"https:\/\/toppizza66.fr\/\",\"url\":\"https:\/\/toppizza66.fr\/\",\"name\":\"Accueil\"}},{\"@type\":\"ListItem\",\"position\":2,\"item\":{\"@id\":\"https:\/\/toppizza66.fr\/index.php\/carte-des-pizzas\/#webpage\"}}]}]}<\/script>\n<!-- \/ Yoast SEO plugin. -->","_links":{"self":[{"href":"https:\/\/toppizza66.fr\/index.php\/wp-json\/wp\/v2\/pages\/158"}],"collection":[{"href":"https:\/\/toppizza66.fr\/index.php\/wp-json\/wp\/v2\/pages"}],"about":[{"href":"https:\/\/toppizza66.fr\/index.php\/wp-json\/wp\/v2\/types\/page"}],"author":[{"embeddable":true,"href":"https:\/\/toppizza66.fr\/index.php\/wp-json\/wp\/v2\/users\/1"}],"replies":[{"embeddable":true,"href":"https:\/\/toppizza66.fr\/index.php\/wp-json\/wp\/v2\/comments?post=158"}],"version-history":[{"count":117,"href":"https:\/\/toppizza66.fr\/index.php\/wp-json\/wp\/v2\/pages\/158\/revisions"}],"predecessor-version":[{"id":428,"href":"https:\/\/toppizza66.fr\/index.php\/wp-json\/wp\/v2\/pages\/158\/revisions\/428"}],"wp:attachment":[{"href":"https:\/\/toppizza66.fr\/index.php\/wp-json\/wp\/v2\/media?parent=158"}],"curies":[{"name":"wp","href":"https:\/\/api.w.org\/{rel}","templated":true}]}}