{"id":160,"date":"2021-06-14T01:17:15","date_gmt":"2021-06-13T23:17:15","guid":{"rendered":"https:\/\/toppizza66.fr\/?page_id=160"},"modified":"2022-06-28T15:28:37","modified_gmt":"2022-06-28T13:28:37","slug":"jours-et-horaires-douverture","status":"publish","type":"page","link":"https:\/\/toppizza66.fr\/index.php\/jours-et-horaires-douverture\/","title":{"rendered":"Jours et horaires d&rsquo;ouverture"},"content":{"rendered":"<h1 style=\"text-align: center;\"><strong><span style=\"color: #ff0000;\">JOURS ET HEURES D&rsquo;OUVERTURE :<\/span><\/strong><\/h1>\n<h3 style=\"text-align: center;\"><strong><span style=\"color: #000000;\">Du lundi au dimanche : ouvert de 17h30 \u00e0 22h<\/span><\/strong><\/h3>\n<h3 style=\"text-align: center;\"><span style=\"color: #000000;\"><strong>Ferm\u00e9 le mardi<\/strong><\/span><\/h3>\n<h1 style=\"text-align: center;\"><strong><span style=\"color: #ff0000;\">HORAIRES A PARTIR DE SEPTEMBRE :<\/span><\/strong><\/h1>\n<h3 style=\"text-align: center;\"><span style=\"color: #000000;\"><strong>Du lundi au samedi : <\/strong><strong>ouvert de 10h30 \u00e0 13h30 <\/strong><strong>et de 17h30 \u00e0 21h30<\/strong><\/span><\/h3>\n<h3 style=\"text-align: center;\"><strong><span style=\"color: #000000;\">Dimanche : ouvert de 17h30 \u00e0 21h30<\/span><\/strong><\/h3>\n<h3 style=\"text-align: center;\"><strong>\u00a0\u00a0\u00a0\u00a0\u00a0 <span style=\"color: #000000;\">Ferm\u00e9 le mardi<\/span><\/strong><\/h3>\n","protected":false},"excerpt":{"rendered":"<p>JOURS ET HEURES D&rsquo;OUVERTURE : Du lundi au dimanche : ouvert de 17h30 \u00e0 22h Ferm\u00e9 le mardi HORAIRES A PARTIR DE SEPTEMBRE : Du lundi au samedi : ouvert de 10h30 \u00e0 13h30 et de 17h30 \u00e0 21h30 Dimanche : ouvert de 17h30 \u00e0 21h30 \u00a0\u00a0\u00a0\u00a0\u00a0 Ferm\u00e9 le mardi<\/p>\n","protected":false},"author":1,"featured_media":0,"parent":0,"menu_order":0,"comment_status":"closed","ping_status":"closed","template":"elementor_header_footer","meta":[],"yoast_head":"<!-- This site is optimized with the Yoast SEO plugin v16.4 - https:\/\/yoast.com\/wordpress\/plugins\/seo\/ -->\n<title>Jours et horaires d&#039;ouverture<\/title>\n<meta name=\"robots\" content=\"index, follow, max-snippet:-1, max-image-preview:large, max-video-preview:-1\" \/>\n<link rel=\"canonical\" href=\"https:\/\/toppizza66.fr\/index.php\/jours-et-horaires-douverture\/\" \/>\n<meta property=\"og:locale\" content=\"fr_FR\" \/>\n<meta property=\"og:type\" content=\"article\" \/>\n<meta property=\"og:title\" content=\"Jours et horaires d&#039;ouverture\" \/>\n<meta property=\"og:description\" content=\"JOURS ET HEURES D&rsquo;OUVERTURE : Du lundi au dimanche : ouvert de 17h30 \u00e0 22h Ferm\u00e9 le mardi HORAIRES A PARTIR DE SEPTEMBRE : Du lundi au samedi : ouvert de 10h30 \u00e0 13h30 et de 17h30 \u00e0 21h30 Dimanche : ouvert de 17h30 \u00e0 21h30 \u00a0\u00a0\u00a0\u00a0\u00a0 Ferm\u00e9 le mardi\" \/>\n<meta property=\"og:url\" content=\"https:\/\/toppizza66.fr\/index.php\/jours-et-horaires-douverture\/\" \/>\n<meta property=\"article:modified_time\" content=\"2022-06-28T13:28:37+00:00\" \/>\n<meta name=\"twitter:card\" content=\"summary_large_image\" \/>\n<meta name=\"twitter:label1\" content=\"Dur\u00e9e de lecture est.\" \/>\n\t<meta name=\"twitter:data1\" content=\"1 minute\" \/>\n<script type=\"application\/ld+json\" class=\"yoast-schema-graph\">{\"@context\":\"https:\/\/schema.org\",\"@graph\":[{\"@type\":\"Organization\",\"@id\":\"https:\/\/toppizza66.fr\/#organization\",\"name\":\"Top Pizza\",\"url\":\"https:\/\/toppizza66.fr\/\",\"sameAs\":[],\"logo\":{\"@type\":\"ImageObject\",\"@id\":\"https:\/\/toppizza66.fr\/#logo\",\"inLanguage\":\"fr-FR\",\"url\":\"https:\/\/toppizza66.fr\/wp-content\/uploads\/2021\/06\/cropped-cropped-LOGO-PIZZA-TOP-A-RETOUCHER-e1623021916127-1.png\",\"contentUrl\":\"https:\/\/toppizza66.fr\/wp-content\/uploads\/2021\/06\/cropped-cropped-LOGO-PIZZA-TOP-A-RETOUCHER-e1623021916127-1.png\",\"width\":128,\"height\":124,\"caption\":\"Top Pizza\"},\"image\":{\"@id\":\"https:\/\/toppizza66.fr\/#logo\"}},{\"@type\":\"WebSite\",\"@id\":\"https:\/\/toppizza66.fr\/#website\",\"url\":\"https:\/\/toppizza66.fr\/\",\"name\":\"\",\"description\":\"\",\"publisher\":{\"@id\":\"https:\/\/toppizza66.fr\/#organization\"},\"potentialAction\":[{\"@type\":\"SearchAction\",\"target\":\"https:\/\/toppizza66.fr\/?s={search_term_string}\",\"query-input\":\"required name=search_term_string\"}],\"inLanguage\":\"fr-FR\"},{\"@type\":\"WebPage\",\"@id\":\"https:\/\/toppizza66.fr\/index.php\/jours-et-horaires-douverture\/#webpage\",\"url\":\"https:\/\/toppizza66.fr\/index.php\/jours-et-horaires-douverture\/\",\"name\":\"Jours et horaires d'ouverture\",\"isPartOf\":{\"@id\":\"https:\/\/toppizza66.fr\/#website\"},\"datePublished\":\"2021-06-13T23:17:15+00:00\",\"dateModified\":\"2022-06-28T13:28:37+00:00\",\"breadcrumb\":{\"@id\":\"https:\/\/toppizza66.fr\/index.php\/jours-et-horaires-douverture\/#breadcrumb\"},\"inLanguage\":\"fr-FR\",\"potentialAction\":[{\"@type\":\"ReadAction\",\"target\":[\"https:\/\/toppizza66.fr\/index.php\/jours-et-horaires-douverture\/\"]}]},{\"@type\":\"BreadcrumbList\",\"@id\":\"https:\/\/toppizza66.fr\/index.php\/jours-et-horaires-douverture\/#breadcrumb\",\"itemListElement\":[{\"@type\":\"ListItem\",\"position\":1,\"item\":{\"@type\":\"WebPage\",\"@id\":\"https:\/\/toppizza66.fr\/\",\"url\":\"https:\/\/toppizza66.fr\/\",\"name\":\"Accueil\"}},{\"@type\":\"ListItem\",\"position\":2,\"item\":{\"@id\":\"https:\/\/toppizza66.fr\/index.php\/jours-et-horaires-douverture\/#webpage\"}}]}]}<\/script>\n<!-- \/ Yoast SEO plugin. -->","_links":{"self":[{"href":"https:\/\/toppizza66.fr\/index.php\/wp-json\/wp\/v2\/pages\/160"}],"collection":[{"href":"https:\/\/toppizza66.fr\/index.php\/wp-json\/wp\/v2\/pages"}],"about":[{"href":"https:\/\/toppizza66.fr\/index.php\/wp-json\/wp\/v2\/types\/page"}],"author":[{"embeddable":true,"href":"https:\/\/toppizza66.fr\/index.php\/wp-json\/wp\/v2\/users\/1"}],"replies":[{"embeddable":true,"href":"https:\/\/toppizza66.fr\/index.php\/wp-json\/wp\/v2\/comments?post=160"}],"version-history":[{"count":25,"href":"https:\/\/toppizza66.fr\/index.php\/wp-json\/wp\/v2\/pages\/160\/revisions"}],"predecessor-version":[{"id":348,"href":"https:\/\/toppizza66.fr\/index.php\/wp-json\/wp\/v2\/pages\/160\/revisions\/348"}],"wp:attachment":[{"href":"https:\/\/toppizza66.fr\/index.php\/wp-json\/wp\/v2\/media?parent=160"}],"curies":[{"name":"wp","href":"https:\/\/api.w.org\/{rel}","templated":true}]}}